{"id":222,"date":"2014-09-26T13:43:53","date_gmt":"2014-09-26T11:43:53","guid":{"rendered":"http:\/\/www.homer.it\/bioeticablog\/?page_id=222"},"modified":"2024-12-16T11:21:17","modified_gmt":"2024-12-16T10:21:17","slug":"statuto-2","status":"publish","type":"page","link":"https:\/\/www.homer.it\/bioeticablog\/?page_id=222","title":{"rendered":"Statuto"},"content":{"rendered":"\n<p class=\"has-primary-color has-text-color has-link-color has-medium-font-size wp-elements-da4d915f7a29a7ec667f0879c251a741\"><strong>COORDINAMENTO dei BIOETICISTI e degli PSICOTERAPEUTI CATTOLICI del TRIVENETO (BioPsiCaT)<\/strong><\/p>\n\n\n\n<p class=\"has-primary-color has-text-color has-link-color has-large-font-size wp-elements-1ed982baf36b7fe4450845b359f5210e\"><strong><em>STATUTO<\/em><\/strong><\/p>\n\n\n\n<p><strong>Art.1 \u2013 COSTITUZIONE<\/strong><\/p>\n\n\n\n<ol>\n<li>E&#8217; costituita l\u2019associazione culturale e di promozione sociale, denominata \u201c<em>Coordinamento dei bioeticisti e degli psicoterapeuti cattolici del Triveneto<\/em>\u201d (BioPsiCaT)<\/li>\n\n\n\n<li>Il Coordinamento ha sede legale in via Monte Allegri, 2-37030 Badia Calavena (VR). &nbsp;&nbsp;&nbsp;<\/li>\n\n\n\n<li>Esso non ha scopo di lucro ed ha durata illimitata.<\/li>\n\n\n\n<li>Al Coordinamento possono aderire i professionisti residenti o che operino nelle Regioni italiane del Veneto, Friuli Venezia Giulia, Trentino Alto Adige, Lombardia, Emilia Romagna e, per richieste pervenute, si amplia l\u2019ambito operativo territoriale del Coordinamento BioPsiCaT anche alla Val d\u2019Aosta, Liguria, Marche, Toscana e Piemonte.<\/li>\n<\/ol>\n\n\n\n<p><strong>Art.2 \u2013 ADESIONI e FINALITA&#8217;<\/strong><\/p>\n\n\n\n<ol>\n<li>Possono aderire al Coordinamento BioPsiCaT, in qualit\u00e0 di bioeticisti: i giuristi, i medici, i filosofi, i teologi, i farmacisti, gli operatori sanitari, i biologi, i sociologi, gli antropologi, i pedagogisti, gli educatori, gli insegnanti, i tecnici, gli scrittori, i giornalisti e gli psicologi che si riconoscano nei presupposti della \u201cbioetica personalista\u201d. In qualit\u00e0 di psicoterapeuti vi possono aderire quei professionisti che ne abbiano titolo e centrino il loro lavoro clinico sul paziente, rendendolo consapevole del sistema di valori sui quali si fonda la tradizione giudaico cristiana e della situazione psicosociale pi\u00f9 adatti a tutelare la salute mentale e fisica della persona umana, come da sempre intesa. Dovr\u00e0 essere esplicito l\u2019impegno a promuovere la difesa della famiglia naturale e della vita fisica, dal concepimento alla sua fine naturale, in una visione duale persona-corpo, senza alcuna esclusione dei principi spirituali Cristiani. Non sono quindi contemplate n\u00e9 accettate le visioni olistiche a carattere neo-gnostico.<\/li>\n\n\n\n<li>Il Coordinamento BioPsiCaT sar\u00e0 quindi attivo nei campi culturale, scientifico, giuridico, clinico, educativo, pedagogico, sociale, caritativo e dell\u2019informazione.<br>Esso persegue le proprie finalit\u00e0, promuovendo convegni, iniziative di studio, pubblicazioni, attivit\u00e0 editoriali, iniziative di formazione ed informazione. Potr\u00e0 altres\u00ec mettere in atto ogni azione, anche nell\u2019ambito espressivo, figurativo ed artistico utile ai fini tradizionali che il Coordinamento si propone.<\/li>\n\n\n\n<li>Ogni attivita\u2019 di BioPsiCaT dovra\u2019 essere consona e sinergica con i valori ed i principi tradizionali non negoziabili: difesa della vita umana dal concepimento alla morte naturale, riconoscimento della famiglia fondata sul matrimonio tra un uomo e una donna, diritto prioritario dei genitori ad educare i figli secondo i propri principi morali e religiosi. Pertanto, potranno aderire al Coordinamento BioPsiCaT tutti coloro che condividono i suddetti principi, senza preclusioni per aderenti ad altre Confessioni religiose Cristiane Orientali od Ortodosse, oltre a quella Cattolica.<\/li>\n\n\n\n<li>Ogni professionista che aspiri a aderire al Coordinamento BioPsiCaT dovr\u00e0 essere presentato da un socio gi\u00e0 aderente al Coordinamento, dall\u2019anno solare precedente. &nbsp;&nbsp;&nbsp;&nbsp;&nbsp;&nbsp;&nbsp;&nbsp;&nbsp;&nbsp;&nbsp;&nbsp;&nbsp;&nbsp;&nbsp;<\/li>\n<\/ol>\n\n\n\n<p><strong>Art. 3 \u2013 ORGANI<\/strong><\/p>\n\n\n\n<ol start=\"1\">\n<li>Sono organi del Coordinamento BioPsiCaT: <br>&#8211; l&#8217;Assemblea degli aderenti<br>&#8211; il Consiglio Direttivo.<\/li>\n<\/ol>\n\n\n\n<ol start=\"2\">\n<li>Nessun membro del Consiglio Direttivo potr\u00e0 percepire gettoni di presenza. Non potr\u00e0 altres\u00ec ricevere emolumenti&nbsp;&nbsp;riconducibili&nbsp;&nbsp;alle attivit\u00e0 del Coordinamento BioPsiCaT .<\/li>\n<\/ol>\n\n\n\n<p><strong>Art.4 \u2013 ASSEMBLEA degli aderenti<\/strong><\/p>\n\n\n\n<ol>\n<li>L\u2019Assemblea \u00e8 l\u2019organo sovrano di BioPsiCaT&nbsp;ed \u00e8 costituita, a titolo paritario, da tutti gli aderenti al coordinamento.<\/li>\n\n\n\n<li>Essa \u00e8 presieduta dal Presidente del Consiglio Direttivo, che la convoca in via ordinaria una volta all\u2019anno ed in via straordinaria ogni qualvolta il Consiglio Direttivo lo ritenga necessario. In caso di motivato impedimento del Presidente, essa sar\u00e0 convocata dal Vicepresidente del Consiglio Direttivo. Dovr\u00e0 essere sempre indicato l\u2019ordine del giorno dei lavori.<\/li>\n\n\n\n<li>La convocazione pu\u00f2 avvenire anche su richiesta di almeno un terzo degli aderenti: in tal caso il Presidente dovr\u00e0 provvedere alla convocazione entro 21 (ventuno) giorni dal ricevimento della richiesta e l\u2019assemblea dovr\u00e0 tenersi entro 30 (trenta) giorni dalla convocazione.<\/li>\n\n\n\n<li>In prima convocazione l\u2019Assemblea si intende regolarmente costituita con la presenza della maggioranza assoluta degli aderenti, presenti in proprio o per singola delega conferita da altro aderente. In seconda convocazione l\u2019Assemblea si intende regolarmente costituita qualunque sia il numero degli aderenti presenti, in proprio o per delega scritta. Non saranno ammesse videochiamate con valenza ufficiale, salvo singoli casi, per eventi eccezionali e motivati.<\/li>\n\n\n\n<li>Ciascun aderente non pu\u00f2 essere portatore di pi\u00f9 di una delega di altro socio.<\/li>\n\n\n\n<li>Le deliberazioni dell\u2019Assemblea sono adottate a maggioranza semplice dei presenti, salvo nei casi di modifiche statutarie e\/o di proposta di scioglimento del Coordinamento.<\/li>\n\n\n\n<li>Per le modifiche statutarie sar\u00e0 richiesta la presenza della maggioranza assoluta degli aderenti, che delibereranno a maggioranza semplice. Per lo scioglimento del Coordinamento sar\u00e0 necessaria la presenza dei due terzi degli aderenti, che delibereranno a maggioranza semplice.<\/li>\n\n\n\n<li>Compiti dell\u2019Assemblea saranno anche: <br> &#8211; stabilire le linee generali programmatiche delle attivit\u00e0 annuali;<br> &#8211; eleggere il Consiglio Direttivo;<br> &#8211; approvare a maggioranza semplice il bilancio preventivo e consuntivo annuale del\u00a0Coordinamento;<br> &#8211; deliberare su quanto demandatole per legge o per statuto, o sottoposto al suo esame dal Consiglio Direttivo.<\/li>\n<\/ol>\n\n\n\n<p><strong>Art.5 \u2013 CONSIGLIO DIRETTIVO<\/strong><\/p>\n\n\n\n<ol>\n<li>Nell\u2019anno 2014, in cui viene costituito il Coordinamento BioPsiCaT, il Consiglio Direttivo \u00e8 costituito dal gruppo dei soci promotori di tale associazione. Nel loro ambito essi svolgeranno i compiti di Presidente, Vicepresidente, Segretario e Tesoriere, ricoprendone i ruoli fino alla convocazione della prima Assemblea sociale. Dall\u2019anno 2015 in poi, il Consiglio Direttivo \u00e8 eletto dall\u2019Assemblea degli aderenti al Coordinamento ed \u00e8 composto da un minimo di sette, fino ad un massimo di nove membri e resta in carica per due anni solari. Nell\u2019anno solare 2024 il Consiglio Direttivo sar\u00e0 composto da 9 (nove) soci.<\/li>\n\n\n\n<li>Il Consiglio Direttivo \u00e8 validamente costituito quando \u00e8 presente la maggioranza dei suoi componenti.<\/li>\n\n\n\n<li>Il Consiglio Direttivo compie tutti gli atti di ordinaria e straordinaria amministrazione, non espressamente demandati all\u2019Assemblea. Elegge nel proprio seno, a maggioranza semplice, il Presidente, il Vicepresidente, il Segretario ed il Tesoriere. Redige e presenta all\u2019Assemblea il rapporto annuale sull\u2019attivit\u00e0 del Coordinamento ed il bilancio consuntivo e preventivo, che l\u2019Assemblea potr\u00e0 approvare anche entro il 30 aprile dell\u2019anno successivo alla chiusura dell\u2019esercizio sociale.&nbsp;&nbsp;Inoltre, accoglie o rigetta le domande di adesione a BioPsiCaT, esprimendo una valutazione, in base all\u2019Art.2 del presente Statuto. Essa sar\u00e0 motivata ma inappellabile. Compito del Consiglio Direttivo sar\u00e0 anche la gestione di eventuali contenziosi, sui quali emetter\u00e0 il proprio parere a maggioranza semplice. Anche tale parere sar\u00e0 inappellabile.<\/li>\n\n\n\n<li>Il PRESIDENTE del Consiglio Direttivo \u00e8 anche Presidente dell\u2019Assemblea degli aderenti al Coordinamento BioPsiCaT. Egli rappresenta legalmente il Coordinamento BioPsiCaT, nei confronti di terzi ed in giudizio. Convoca e presiede le riunioni dell\u2019Assemblea e del Consiglio Direttivo. In caso di necessit\u00e0 ed urgenza assume i provvedimenti di competenza del Consiglio Direttivo, sottoponendoli a ratifica nella prima riunione successiva.<\/li>\n\n\n\n<li>Il VICEPRESIDENTE coadiuva il Presidente e lo sostituisce in caso di assenza o impedimento. In caso di cessazione del Presidente, il Vicepresidente svolge le funzioni di Presidente fino a nuove elezioni, che dovranno essere tenute entro 60 (sessanta) giorni.<\/li>\n\n\n\n<li>La documentazione economico-finanziaria del Coordinamento sar\u00e0 predisposta dal TESORIERE, membro del Consiglio Direttivo, che ad esso ne presenter\u00e0 lo schema, se necessario ricorrendo alla consulenza di un esperto contabile. Il tesoriere provvede alla tenuta dei registri e di ogni documentazione contabile. Provvede al pagamento delle spese ed alla riscossione delle entrate, tra cui le quote sociali annuali, in conformit\u00e0 alle decisioni del Consiglio Direttivo.<\/li>\n\n\n\n<li>Il SEGRETARIO \u00e8 incaricato della redazione e della conservazione dei verbali delle riunioni dell\u2019assemblea e del Consiglio Direttivo. Provvede alla tenuta ed all\u2019aggiornamento del registro degli aderenti ed alla corrispondenza.<\/li>\n\n\n\n<li>Il Presidente, il Vicepresidente, ed il Tesoriere potranno operare validamente sul conto corrente del Coordinamento BioPsiCaT, anche con firme disgiunte.<\/li>\n<\/ol>\n\n\n\n<p><strong>Art. 6 \u2013 CESSAZIONI<\/strong><\/p>\n\n\n\n<p>Gli aderenti cessano di appartenere al Coordinamento BioPsiCaT<br>&#8211; per dimissioni volontarie;<br>&#8211; per non aver effettuato il versamento della quota associativa per almeno due anni consecutivi;<br>&#8211; per decesso;<br>&#8211; per indegnit\u00e0, o incompatibilit\u00e0 con le finalit\u00e0 del Coordinamento BioPsiCaT, deliberata dal Consiglio Direttivo a maggioranza semplice.<\/p>\n\n\n\n<p><strong>Art. 7 \u2013 DEVOLUZIONE del PATRIMONIO e SCIOGLIMENTO<\/strong><\/p>\n\n\n\n<ol>\n<li>Il Coordinamento BioPsiCaT ha il divieto di distribuire, anche in modo indiretto, utili ed avanzi di gestione, nonch\u00e9 fondi, a meno che la destinazione o la distribuzione non siano imposte per legge, o siano effettuate a favore di altre organizzazioni che abbiano finalit\u00e0 identiche a quelle di BioPsiCaT o siano Enti di beneficenza, scelti dai due terzi dei soci, iscritti nell\u2019anno solare di scioglimento.&nbsp;<\/li>\n\n\n\n<li>L\u2019eventuale scioglimento del Coordinamento BioPsiCaT potr\u00e0 essere deciso soltanto dall\u2019Assemblea, con le modalit\u00e0 previste dall\u2019art. 4 paragrafi 6 e 7. In tal caso, il patrimonio residuo sar\u00e0 devoluto con le modalit\u00e0 previste nel paragrafo precedente.<\/li>\n<\/ol>\n\n\n\n<p><strong>Art. 8 \u2013 NORME e RINVIO<\/strong><\/p>\n\n\n\n<p>Per quanto non previsto nel presente statuto, si fa riferimento alle vigenti disposizioni legislative in materia.<\/p>\n\n\n\n<p>Letto ed approvato (nel maggio 2014) da :<br>LUIGIA SANTORO<br>ESTER LANARO<br>MARIA LUISA TEZZA<br>SILVIO FONTANINI<br>FRANCO CORREZZOLA<\/p>\n\n\n\n<p><em>Rivisto, modificato, riletto dal Segretario assembleare e approvato da 17 (diciassette) soci sui 18 (diciotto) presenti o deleganti nell\u2019Assemblea elettiva del 26.11.2024 .<\/em><\/p>\n","protected":false},"excerpt":{"rendered":"<p>COORDINAMENTO dei BIOETICISTI e degli PSICOTERAPEUTI CATTOLICI del TRIVENETO (BioPsiCaT) STATUTO Art.1 \u2013 COSTITUZIONE Art.2 \u2013 ADESIONI e FINALITA&#8217; Art. 3 \u2013 ORGANI Art.4 \u2013 ASSEMBLEA degli aderenti Art.5 \u2013 CONSIGLIO DIRETTIVO Art. 6 \u2013 CESSAZIONI Gli aderenti cessano di appartenere al Coordinamento BioPsiCaT&#8211; per dimissioni volontarie;&#8211; per non aver effettuato il versamento della quota [&hellip;]<\/p>\n","protected":false},"author":1,"featured_media":0,"parent":0,"menu_order":1,"comment_status":"closed","ping_status":"closed","template":"","meta":{"footnotes":""},"_links":{"self":[{"href":"https:\/\/www.homer.it\/bioeticablog\/index.php?rest_route=\/wp\/v2\/pages\/222"}],"collection":[{"href":"https:\/\/www.homer.it\/bioeticablog\/index.php?rest_route=\/wp\/v2\/pages"}],"about":[{"href":"https:\/\/www.homer.it\/bioeticablog\/index.php?rest_route=\/wp\/v2\/types\/page"}],"author":[{"embeddable":true,"href":"https:\/\/www.homer.it\/bioeticablog\/index.php?rest_route=\/wp\/v2\/users\/1"}],"replies":[{"embeddable":true,"href":"https:\/\/www.homer.it\/bioeticablog\/index.php?rest_route=%2Fwp%2Fv2%2Fcomments&post=222"}],"version-history":[{"count":6,"href":"https:\/\/www.homer.it\/bioeticablog\/index.php?rest_route=\/wp\/v2\/pages\/222\/revisions"}],"predecessor-version":[{"id":843,"href":"https:\/\/www.homer.it\/bioeticablog\/index.php?rest_route=\/wp\/v2\/pages\/222\/revisions\/843"}],"wp:attachment":[{"href":"https:\/\/www.homer.it\/bioeticablog\/index.php?rest_route=%2Fwp%2Fv2%2Fmedia&parent=222"}],"curies":[{"name":"wp","href":"https:\/\/api.w.org\/{rel}","templated":true}]}}